{"id":8,"date":"2017-11-13T21:54:27","date_gmt":"2017-11-13T20:54:27","guid":{"rendered":"https:\/\/forum.accouvin.be\/?page_id=8"},"modified":"2023-10-08T09:43:40","modified_gmt":"2023-10-08T07:43:40","slug":"a-propos-de","status":"publish","type":"page","link":"https:\/\/www.accouvin.be\/-\/a-propos-de\/","title":{"rendered":"\u00c0 propos"},"content":{"rendered":"<h3>Historique-info<\/h3>\n<ul>\n<li>Robert Van Beveren a fond\u00e9 l&rsquo;ACCO en 1968, il porte le matricule 1.<\/li>\n<li>Le plus beau r\u00e9sultat sportif, \u00e0 ce jour, est \u00e0 mettre \u00e0 l&rsquo;actif de Christian Bastin. Actuellement agent des postes \u00e0 Couvin , il a remport\u00e9 le titre de champion de Belgique scolaire le 4 mars 1973 en cross country apr\u00e8s avoir align\u00e9 15 victoires cons\u00e9cutives en cross. Le 9 septembre, il allait prendre le titre de champion de Belgique sur 3000m.<br \/>\n<em>(Source : journal de l&rsquo;\u00e9poque)<\/em><\/li>\n<\/ul>\n<p>A ce jour, le club a inscrit plus de 900 membres. La vie du club est surtout ax\u00e9e sur la saison de cross et hors stade, mais bien que ne disposant pas de piste, quelques uns de nos athl\u00e8tes se distinguent sur 800 et 1500 m sur les diff\u00e9rents stades du pays.<\/p>\n<p>Depuis 2002, le club a h\u00e9rit\u00e9 des anciennes installations du club de foot de Frasnes. Nous y disposons de deux petits vestiaires, douches et club house. Une \u00ab piste \u00bb en dur et une autre en herbe ont \u00e9t\u00e9 r\u00e9alis\u00e9es sur le terrain. Notre vrai terrain d&rsquo;entra\u00eenement reste les magnifiques for\u00eats environnantes.<\/p>\n<h3>Composition actuelle du comit\u00e9<\/h3>\n<dl>\n<dt>Pr\u00e9sident :<\/dt>\n<dd>Alain Destr\u00e9e<\/dd>\n<dt>Secr\u00e9taire :<\/dt>\n<dd>Thomas Destr\u00e9e<\/dd>\n<dt>Tr\u00e9sorier :<\/dt>\n<dd>Jean-Pierre Leroy<\/dd>\n<dt>Membres :<\/dt>\n<dd>Joy Mathelart, Marie Colot, Romain Bertrand, Fran\u00e7ois Maurenne.<\/dd>\n<\/dl>\n<h3>R\u00e8glement d&rsquo;ordre int\u00e9rieur<\/h3>\n<p>Le r\u00e8glement d&rsquo;ordre int\u00e9rieur est disponible ici : <a  data-e-Disable-Page-Transition=\"true\" class=\"download-link\" title=\"\" href=\"https:\/\/www.accouvin.be\/-\/download\/reglement-dordre-interieur\/?tmstv=1777530465\" rel=\"nofollow\" id=\"download-link-1444\" data-redirect=\"false\" >\n\tR\u00e8glement d'ordre int\u00e9rieur<\/a>\n.<\/p>\n<h3 lang=\"fr-FR\">Athletic Club Couvinois ASBL<\/h3>\n<ul>\n<li>Si\u00e8ge social : Rue de l&rsquo;Adujoir 10 \u00e0 5660 Couvin<\/li>\n<li>Num\u00e9ro d&rsquo;entreprise : 448.795.838<\/li>\n<li>RPM :Tribunal de l&rsquo;entreprise de Li\u00e8ge Division Dinant<\/li>\n<\/ul>\n","protected":false},"excerpt":{"rendered":"<p>Historique-info Robert Van Beveren a fond\u00e9 l&rsquo;ACCO en 1968, il porte le matricule 1. Le plus beau r\u00e9sultat sportif, \u00e0 ce jour, est \u00e0 mettre \u00e0 l&rsquo;actif de Christian Bastin. Actuellement agent des postes \u00e0 Couvin , il a remport\u00e9 le titre de champion de Belgique scolaire le 4 mars 1973 en cross country apr\u00e8s [&hellip;]<\/p>\n","protected":false},"author":1,"featured_media":0,"parent":0,"menu_order":0,"comment_status":"closed","ping_status":"closed","template":"","meta":{"_crdt_document":"","footnotes":""},"class_list":["post-8","page","type-page","status-publish","hentry"],"_links":{"self":[{"href":"https:\/\/www.accouvin.be\/-\/wp-json\/wp\/v2\/pages\/8","targetHints":{"allow":["GET"]}}],"collection":[{"href":"https:\/\/www.accouvin.be\/-\/wp-json\/wp\/v2\/pages"}],"about":[{"href":"https:\/\/www.accouvin.be\/-\/wp-json\/wp\/v2\/types\/page"}],"author":[{"embeddable":true,"href":"https:\/\/www.accouvin.be\/-\/wp-json\/wp\/v2\/users\/1"}],"replies":[{"embeddable":true,"href":"https:\/\/www.accouvin.be\/-\/wp-json\/wp\/v2\/comments?post=8"}],"version-history":[{"count":18,"href":"https:\/\/www.accouvin.be\/-\/wp-json\/wp\/v2\/pages\/8\/revisions"}],"predecessor-version":[{"id":1732,"href":"https:\/\/www.accouvin.be\/-\/wp-json\/wp\/v2\/pages\/8\/revisions\/1732"}],"wp:attachment":[{"href":"https:\/\/www.accouvin.be\/-\/wp-json\/wp\/v2\/media?parent=8"}],"curies":[{"name":"wp","href":"https:\/\/api.w.org\/{rel}","templated":true}]}}