{"id":72,"date":"2017-11-15T12:49:37","date_gmt":"2017-11-15T11:49:37","guid":{"rendered":"https:\/\/forum.accouvin.be\/?page_id=72"},"modified":"2026-03-03T08:23:42","modified_gmt":"2026-03-03T07:23:42","slug":"affiliation","status":"publish","type":"page","link":"https:\/\/www.accouvin.be\/-\/affiliation\/","title":{"rendered":"Affiliation"},"content":{"rendered":"<div class=\"degrade\">\n<p>Le club ACCO est ouvert \u00e0 TOUS et \u00e0 TOUTES \u00e0 partir de 6 ans.<\/p>\n<p>L&rsquo;affiliation vous donne droit:<\/p>\n<ul>\n<li>aux services de la ligue: l&rsquo;assurance lors de votre entra\u00eenement.<\/li>\n<li>aux services du club: entr\u00e9e dans les installations, entra\u00eenement, participation aux stages, etc&#8230;<\/li>\n<\/ul>\n<p>La licence vous permet de participer aux comp\u00e9titions officielles, piste, cross, championnat de Belgique de trail,\u2026<\/p>\n<hr \/>\n<h3>Affiliation<\/h3>\n<ol>\n<li>Compl\u00e9ter le formulaire <a href=\"https:\/\/app.twizzit.com\/go\/affiliationACCo\" target=\"_blank\" rel=\"noopener\">https:\/\/app.twizzit.com\/go\/affiliationACCo<\/a>\n<ul>\n<li>Pour avoir un dossard pour les courses, choisir le type d&rsquo;affiliation \u00ab\u00a0Comp\u00e9titive\u00a0\u00bb et le type de dossard \u00ab\u00a0Classic\u00a0\u00bb<\/li>\n<li>Si vous courez au club mais ne souhaitez pas de dossard, choisissez le type d&rsquo;affiliation \u00ab\u00a0Non-comp\u00e9titive\u00a0\u00bb. Le champ type de dossard n&rsquo;est pas utile.<\/li>\n<\/ul>\n<\/li>\n<li>Payer le montant de la cotisation annuelle au compte\u00a0 BE57 0689 0848 3435.<\/li>\n<li>Attendre. Le club commence la demande de dossard.<\/li>\n<li>Dans un mail dont le sujet est \u00ab\u00a0Votre affiliation \u00e0 la LBFA\u00a0\u00bb envoy\u00e9 par \u00ab\u00a0Ligue Belge Francophone d&rsquo;Athl\u00e9tisme (<a href=\"mailto:noreply@twizzit.com\" target=\"_blank\" rel=\"noopener\">noreply@twizzit.com<\/a>)\u00a0\u00bb, cliquer sur le bouton \u00ab\u00a0View and approve\u00a0\u00bb.<\/li>\n<li>Lire et signer l'\u00a0\u00bbAttestation sur l&rsquo;honneur\u00a0\u00bb.<\/li>\n<\/ol>\n<hr \/>\n<h3>Acc\u00e9der \u00e0 la plateforme<\/h3>\n<ol>\n<li>Se rendre sur <a href=\"https:\/\/app.twizzit.com\/v2\/register\/YU9EdysyY1A5b0htMHNuV0x6RGxQQT09\" target=\"_blank\" rel=\"noopener\">https:\/\/app.twizzit.com\/v2\/register\/YU9EdysyY1A5b0htMHNuV0x6RGxQQT09<\/a><\/li>\n<li>Recherche son utilisateur, soit en compl\u00e9tant son adresse email soit en compl\u00e9tant son pr\u00e9nom et nom (First Name, Last Name).<\/li>\n<li>Si vous apparaissez sur la droite de l&rsquo;\u00e9cran, cliquez sur \u00ab\u00a0REQUEST LOGIN\u00a0\u00bb. Sinon, contactez- nous (<a href=\"mailto:secretaire@accouvin.be\" target=\"_blank\" rel=\"noopener\">secretaire@accouvin.be<\/a>).<\/li>\n<li>Dans un mail dont le sujet est \u00ab\u00a0Votre compte Twizzit\u00a0\u00bb envoy\u00e9 par \u00ab\u00a0Ligue Belge Francophone d&rsquo;Athl\u00e9tisme (<a href=\"mailto:noreply@twizzit.com\" target=\"_blank\" rel=\"noopener\">noreply@twizzit.com<\/a>)\u00a0\u00bb, cliquer sur le bouton \u00ab\u00a0Connectez-vous \u00e0 Twizzit\u00a0\u00bb.<\/li>\n<li>Choisissez un nom d&rsquo;utilisateur et un mot de passe (deux fois).<\/li>\n<\/ol>\n<hr \/>\n<h3><a name=\"coti\"><\/a>Cotisation annuelle<\/h3>\n<table border=\"1\" width=\"100%\">\n<tbody>\n<tr>\n<td>Maillot<\/td>\n<td>35 euro<\/td>\n<\/tr>\n<tr>\n<td>Maillot enfant<\/td>\n<td>12 euro<\/td>\n<\/tr>\n<tr>\n<td>Maillot trail<\/td>\n<td>En fonction du mod\u00e8le<\/td>\n<\/tr>\n<tr>\n<td>Affiliation + premi\u00e8re licence + Maillot<\/td>\n<td>105 euro<\/td>\n<\/tr>\n<tr>\n<td>Affiliation + premi\u00e8re licence + tee-shirt Kid&rsquo;s<\/td>\n<td>80 euro<\/td>\n<\/tr>\n<tr>\n<td>Licence<\/td>\n<td>70 euro<\/td>\n<\/tr>\n<tr>\n<td>Deuxi\u00e8me licence d&rsquo;un m\u00eame foyer<\/td>\n<td>50 euro<\/td>\n<\/tr>\n<tr>\n<td>A partir de le troisi\u00e8me licence d&rsquo;un m\u00eame foyer<\/td>\n<td>40 euro<\/td>\n<\/tr>\n<tr>\n<td><span style=\"color: #ff0000;\">Suppl\u00e9ment si les documents sont rendus apr\u00e8s le 15 octobre (hors nouvelle affiliation)<\/span><\/td>\n<td><span style=\"color: #ff0000;\">10 euro<\/span><\/td>\n<\/tr>\n<\/tbody>\n<\/table>\n<p>Le r\u00e8glement se fera exclusivement sur le compte\u00a0<strong>BE57 0689 0848 3435<\/strong> de l&rsquo;ACCo.<\/p>\n<hr \/>\n<\/div>\n<div class=\"degrade\">\n<h3>Cat\u00e9gories<\/h3>\n\n<\/div>\n","protected":false},"excerpt":{"rendered":"<p>Le club ACCO est ouvert \u00e0 TOUS et \u00e0 TOUTES \u00e0 partir de 6 ans. L&rsquo;affiliation vous donne droit: aux services de la ligue: l&rsquo;assurance lors de votre entra\u00eenement. aux services du club: entr\u00e9e dans les installations, entra\u00eenement, participation aux stages, etc&#8230; La licence vous permet de participer aux comp\u00e9titions officielles, piste, cross, championnat de [&hellip;]<\/p>\n","protected":false},"author":2,"featured_media":0,"parent":0,"menu_order":0,"comment_status":"closed","ping_status":"closed","template":"","meta":{"_crdt_document":"","footnotes":""},"class_list":["post-72","page","type-page","status-publish","hentry"],"_links":{"self":[{"href":"https:\/\/www.accouvin.be\/-\/wp-json\/wp\/v2\/pages\/72","targetHints":{"allow":["GET"]}}],"collection":[{"href":"https:\/\/www.accouvin.be\/-\/wp-json\/wp\/v2\/pages"}],"about":[{"href":"https:\/\/www.accouvin.be\/-\/wp-json\/wp\/v2\/types\/page"}],"author":[{"embeddable":true,"href":"https:\/\/www.accouvin.be\/-\/wp-json\/wp\/v2\/users\/2"}],"replies":[{"embeddable":true,"href":"https:\/\/www.accouvin.be\/-\/wp-json\/wp\/v2\/comments?post=72"}],"version-history":[{"count":35,"href":"https:\/\/www.accouvin.be\/-\/wp-json\/wp\/v2\/pages\/72\/revisions"}],"predecessor-version":[{"id":1914,"href":"https:\/\/www.accouvin.be\/-\/wp-json\/wp\/v2\/pages\/72\/revisions\/1914"}],"wp:attachment":[{"href":"https:\/\/www.accouvin.be\/-\/wp-json\/wp\/v2\/media?parent=72"}],"curies":[{"name":"wp","href":"https:\/\/api.w.org\/{rel}","templated":true}]}}