{"id":70,"date":"2017-11-15T12:48:14","date_gmt":"2017-11-15T11:48:14","guid":{"rendered":"https:\/\/forum.accouvin.be\/?page_id=70"},"modified":"2025-08-30T08:23:06","modified_gmt":"2025-08-30T06:23:06","slug":"entrainements","status":"publish","type":"page","link":"https:\/\/www.accouvin.be\/-\/entrainements\/","title":{"rendered":"Entrainements"},"content":{"rendered":"<ul>\n<li>Les<strong> lundis<\/strong> <strong>\u00e0 18h00<\/strong> : entra\u00eenements sur la piste de Chimay \u00e0 partir de minime (places limit\u00e9es, \u00eatre assidu et motiv\u00e9)<\/li>\n<li>Les <b>mercredis \u00e0 16h45<\/b> : entra\u00eenements Kids Athletic (Enfants \u00e0 partir de 6 ans) \u00e0 Frasnes.<\/li>\n<li>Les <b>mercredis \u00e0 17h45<\/b> : entra\u00eenements Interval\/Fractionn\u00e9 ou libre \u00e0 Frasnes.<\/li>\n<\/ul>\n<p>Nous disposons de vestiaires et de douches sur l&rsquo;ancien terrain de foot de Frasnes. Les entra\u00eenements enfants n&rsquo;ont pas lieu durant les cong\u00e9s scolaires.<\/p>\n<p>Pour savoir comment nous rejoindre, cliquer sur ce lien: <a href=\"https:\/\/www.accouvin.be\/-\/index.php\/contact\/#install\"><u>ici<\/u><\/a>.<\/p>\n<p>Pour plus de renseignements, vous pouvez contacter le secr\u00e9taire du club: <a href=\"mailto:secretaire@accouvin.be\"><strong>secretaire@accouvin.be<\/strong><\/a>.<\/p>\n","protected":false},"excerpt":{"rendered":"<p>Les lundis \u00e0 18h00 : entra\u00eenements sur la piste de Chimay \u00e0 partir de minime (places limit\u00e9es, \u00eatre assidu et motiv\u00e9) Les mercredis \u00e0 16h45 : entra\u00eenements Kids Athletic (Enfants \u00e0 partir de 6 ans) \u00e0 Frasnes. Les mercredis \u00e0 17h45 : entra\u00eenements Interval\/Fractionn\u00e9 ou libre \u00e0 Frasnes. Nous disposons de vestiaires et de douches [&hellip;]<\/p>\n","protected":false},"author":2,"featured_media":0,"parent":0,"menu_order":0,"comment_status":"closed","ping_status":"closed","template":"","meta":{"_crdt_document":"","footnotes":""},"class_list":["post-70","page","type-page","status-publish","hentry"],"_links":{"self":[{"href":"https:\/\/www.accouvin.be\/-\/wp-json\/wp\/v2\/pages\/70","targetHints":{"allow":["GET"]}}],"collection":[{"href":"https:\/\/www.accouvin.be\/-\/wp-json\/wp\/v2\/pages"}],"about":[{"href":"https:\/\/www.accouvin.be\/-\/wp-json\/wp\/v2\/types\/page"}],"author":[{"embeddable":true,"href":"https:\/\/www.accouvin.be\/-\/wp-json\/wp\/v2\/users\/2"}],"replies":[{"embeddable":true,"href":"https:\/\/www.accouvin.be\/-\/wp-json\/wp\/v2\/comments?post=70"}],"version-history":[{"count":11,"href":"https:\/\/www.accouvin.be\/-\/wp-json\/wp\/v2\/pages\/70\/revisions"}],"predecessor-version":[{"id":1869,"href":"https:\/\/www.accouvin.be\/-\/wp-json\/wp\/v2\/pages\/70\/revisions\/1869"}],"wp:attachment":[{"href":"https:\/\/www.accouvin.be\/-\/wp-json\/wp\/v2\/media?parent=70"}],"curies":[{"name":"wp","href":"https:\/\/api.w.org\/{rel}","templated":true}]}}