{"id":1304,"date":"2018-03-27T09:58:55","date_gmt":"2018-03-27T07:58:55","guid":{"rendered":"https:\/\/forum.accouvin.be\/?page_id=1304"},"modified":"2018-11-11T21:34:04","modified_gmt":"2018-11-11T20:34:04","slug":"accueil","status":"publish","type":"page","link":"https:\/\/www.accouvin.be\/-\/","title":{"rendered":""},"content":{"rendered":"\t<div class=\"wpnawfree-plugin news-clearfix \" id=\"wpnw-news-1\">\r\n\r\n\t\t\r\n\t\t\t<div id=\"post-1908\" class=\"news type-news wpnaw-blog-class has-date news-col-1 wpnaw-first\">\r\n\t\t\t\t<div class=\"news-inner-wrap-view news-clearfix \">\r\n\r\n\t\t\t\t\t\t\t\t\t\t<div class=\"news-thumb\">\r\n\t\t\t\t\t\t\t\t\t\t\t\t\t<div class=\"grid-news-thumb\">\r\n\t\t\t\t\t\t\t\t<a href=\"https:\/\/www.accouvin.be\/-\/news\/trail-du-viroin-2026\/\"><img width=\"500\" height=\"262\" src=\"https:\/\/www.accouvin.be\/wp-content\/uploads\/2026\/02\/tdv_fb_2026.jpg\" class=\"attachment-large size-large wp-post-image\" alt=\"\" srcset=\"https:\/\/www.accouvin.be\/wp-content\/uploads\/2026\/02\/tdv_fb_2026.jpg 500w, https:\/\/www.accouvin.be\/wp-content\/uploads\/2026\/02\/tdv_fb_2026-300x157.jpg 300w\" sizes=\"(max-width: 500px) 100vw, 500px\" \/><\/a>\r\n\t\t\t\t\t\t\t<\/div>\r\n\t\t\t\t\t\t\t\t\t\t\t<\/div>\r\n\t\t\t\t\t\r\n\t\t\t\t\t<div class=\"news-content\">\r\n\t\t\t\t\t\t\t\t\t\t\t\t\t<div class=\"date-post\">\r\n\t\t\t\t\t\t\t\t<h2><span>18<\/span><\/h2>\r\n\t\t\t\t\t\t\t\t<p>F\u00e9v 26<\/p>\r\n\t\t\t\t\t\t\t<\/div>\r\n\t\t\t\t\t\t\r\n\t\t\t\t\t\t<div class=\"post-content-text\">\r\n\t\t\t\t\t\t\t<h3 class=\"news-title\"><a href=\"https:\/\/www.accouvin.be\/-\/news\/trail-du-viroin-2026\/\" rel=\"bookmark\">Trail du Viroin 2026<\/a><\/h3>\t\t\t\t\t\t\t\t<div class=\"news-cat\"><\/div>\r\n\t\t\t\t\t\t\t\t\t\t\t\t\t\t\t<div class=\"news-content-excerpt\">\r\n\t\t\t\t\t\t\t\t\t\t\t\t\t\t\t\t\t\t\t<div class=\"news-short-content\">\r\n\t\t\t\t\t\t\t\t\t\t\tToutes les infos sur www.trailduviroin.be\t\t\t\t\t\t\t\t\t\t<\/div>\r\n\t\t\t\t\t\t\t\t\t\t<a href=\"https:\/\/www.accouvin.be\/-\/news\/trail-du-viroin-2026\/\" class=\"news-more-link\">En savoir plus<\/a>\r\n\t\t\t\t\t\t\t\t\t\t\t\t\t\t\t\t\t<\/div><!-- .entry-content -->\r\n\t\t\t\t\t\t\t\t\t\t\t\t\t<\/div>\r\n\t\t\t\t\t<\/div>\r\n\t\t\t\t<\/div><!-- #post-## -->\r\n\t\t\t<\/div><!-- #post-## -->\r\n\t\t\r\n\t\t\t<div id=\"post-1896\" class=\"news type-news wpnaw-blog-class has-date news-col-1\">\r\n\t\t\t\t<div class=\"news-inner-wrap-view news-clearfix \">\r\n\r\n\t\t\t\t\t\t\t\t\t\t<div class=\"news-thumb\">\r\n\t\t\t\t\t\t\t\t\t\t\t\t\t<div class=\"grid-news-thumb\">\r\n\t\t\t\t\t\t\t\t<a href=\"https:\/\/www.accouvin.be\/-\/news\/resultats-du-cross-de-neptune-2026\/\"><img width=\"640\" height=\"427\" src=\"https:\/\/www.accouvin.be\/wp-content\/uploads\/2026\/01\/614542370_1317172083760243_41396392693531684_n-1024x683.jpg\" class=\"attachment-large size-large wp-post-image\" alt=\"\" srcset=\"https:\/\/www.accouvin.be\/wp-content\/uploads\/2026\/01\/614542370_1317172083760243_41396392693531684_n-1024x683.jpg 1024w, https:\/\/www.accouvin.be\/wp-content\/uploads\/2026\/01\/614542370_1317172083760243_41396392693531684_n-300x200.jpg 300w, https:\/\/www.accouvin.be\/wp-content\/uploads\/2026\/01\/614542370_1317172083760243_41396392693531684_n-768x512.jpg 768w, https:\/\/www.accouvin.be\/wp-content\/uploads\/2026\/01\/614542370_1317172083760243_41396392693531684_n-1536x1024.jpg 1536w, https:\/\/www.accouvin.be\/wp-content\/uploads\/2026\/01\/614542370_1317172083760243_41396392693531684_n-600x400.jpg 600w, https:\/\/www.accouvin.be\/wp-content\/uploads\/2026\/01\/614542370_1317172083760243_41396392693531684_n.jpg 2048w\" sizes=\"(max-width: 640px) 100vw, 640px\" \/><\/a>\r\n\t\t\t\t\t\t\t<\/div>\r\n\t\t\t\t\t\t\t\t\t\t\t<\/div>\r\n\t\t\t\t\t\r\n\t\t\t\t\t<div class=\"news-content\">\r\n\t\t\t\t\t\t\t\t\t\t\t\t\t<div class=\"date-post\">\r\n\t\t\t\t\t\t\t\t<h2><span>13<\/span><\/h2>\r\n\t\t\t\t\t\t\t\t<p>Jan 26<\/p>\r\n\t\t\t\t\t\t\t<\/div>\r\n\t\t\t\t\t\t\r\n\t\t\t\t\t\t<div class=\"post-content-text\">\r\n\t\t\t\t\t\t\t<h3 class=\"news-title\"><a href=\"https:\/\/www.accouvin.be\/-\/news\/resultats-du-cross-de-neptune-2026\/\" rel=\"bookmark\">R\u00e9sultats du Cross de Neptune 2026<\/a><\/h3>\t\t\t\t\t\t\t\t<div class=\"news-cat\"><\/div>\r\n\t\t\t\t\t\t\t\t\t\t\t\t\t\t\t<div class=\"news-content-excerpt\">\r\n\t\t\t\t\t\t\t\t\t\t\t\t\t\t\t\t\t\t\t<div class=\"news-short-content\">\r\n\t\t\t\t\t\t\t\t\t\t\tLes r\u00e9sultats du cross sont disponibles sur le site officiel : https:\/\/www.athle4you.be\/ &nbsp;\t\t\t\t\t\t\t\t\t\t<\/div>\r\n\t\t\t\t\t\t\t\t\t\t<a href=\"https:\/\/www.accouvin.be\/-\/news\/resultats-du-cross-de-neptune-2026\/\" class=\"news-more-link\">En savoir plus<\/a>\r\n\t\t\t\t\t\t\t\t\t\t\t\t\t\t\t\t\t<\/div><!-- .entry-content -->\r\n\t\t\t\t\t\t\t\t\t\t\t\t\t<\/div>\r\n\t\t\t\t\t<\/div>\r\n\t\t\t\t<\/div><!-- #post-## -->\r\n\t\t\t<\/div><!-- #post-## -->\r\n\t\t\r\n\t\t\t<div id=\"post-1892\" class=\"news type-news wpnaw-blog-class has-date news-col-1\">\r\n\t\t\t\t<div class=\"news-inner-wrap-view news-clearfix \">\r\n\r\n\t\t\t\t\t\t\t\t\t\t<div class=\"news-thumb\">\r\n\t\t\t\t\t\t\t\t\t\t\t\t\t<div class=\"grid-news-thumb\">\r\n\t\t\t\t\t\t\t\t<a href=\"https:\/\/www.accouvin.be\/-\/news\/1892\/\"><img width=\"640\" height=\"427\" src=\"https:\/\/www.accouvin.be\/wp-content\/uploads\/2025\/12\/Cross_Neptune_2026.jpg\" class=\"attachment-large size-large wp-post-image\" alt=\"\" srcset=\"https:\/\/www.accouvin.be\/wp-content\/uploads\/2025\/12\/Cross_Neptune_2026.jpg 810w, https:\/\/www.accouvin.be\/wp-content\/uploads\/2025\/12\/Cross_Neptune_2026-300x200.jpg 300w, https:\/\/www.accouvin.be\/wp-content\/uploads\/2025\/12\/Cross_Neptune_2026-768x512.jpg 768w, https:\/\/www.accouvin.be\/wp-content\/uploads\/2025\/12\/Cross_Neptune_2026-600x400.jpg 600w\" sizes=\"(max-width: 640px) 100vw, 640px\" \/><\/a>\r\n\t\t\t\t\t\t\t<\/div>\r\n\t\t\t\t\t\t\t\t\t\t\t<\/div>\r\n\t\t\t\t\t\r\n\t\t\t\t\t<div class=\"news-content\">\r\n\t\t\t\t\t\t\t\t\t\t\t\t\t<div class=\"date-post\">\r\n\t\t\t\t\t\t\t\t<h2><span>29<\/span><\/h2>\r\n\t\t\t\t\t\t\t\t<p>D\u00e9c 25<\/p>\r\n\t\t\t\t\t\t\t<\/div>\r\n\t\t\t\t\t\t\r\n\t\t\t\t\t\t<div class=\"post-content-text\">\r\n\t\t\t\t\t\t\t\t\t\t\t\t\t\t\t<div class=\"news-cat\"><\/div>\r\n\t\t\t\t\t\t\t\t\t\t\t\t\t\t\t<div class=\"news-content-excerpt\">\r\n\t\t\t\t\t\t\t\t\t\t\t\t\t\t\t\t\t\t\t<div class=\"news-short-content\">\r\n\t\t\t\t\t\t\t\t\t\t\tLe cross des grottes de Neptune aura lieu ce dimanche 11 janvier 2026. Vous pouvez consulter l\u2019horaire et le plan...\t\t\t\t\t\t\t\t\t\t<\/div>\r\n\t\t\t\t\t\t\t\t\t\t<a href=\"https:\/\/www.accouvin.be\/-\/news\/1892\/\" class=\"news-more-link\">En savoir plus<\/a>\r\n\t\t\t\t\t\t\t\t\t\t\t\t\t\t\t\t\t<\/div><!-- .entry-content -->\r\n\t\t\t\t\t\t\t\t\t\t\t\t\t<\/div>\r\n\t\t\t\t\t<\/div>\r\n\t\t\t\t<\/div><!-- #post-## -->\r\n\t\t\t<\/div><!-- #post-## -->\r\n\t\t\r\n\t\t\t<div id=\"post-1861\" class=\"news type-news wpnaw-blog-class has-date news-col-1\">\r\n\t\t\t\t<div class=\"news-inner-wrap-view news-clearfix \">\r\n\r\n\t\t\t\t\t\t\t\t\t\t<div class=\"news-thumb\">\r\n\t\t\t\t\t\t\t\t\t\t\t\t\t<div class=\"grid-news-thumb\">\r\n\t\t\t\t\t\t\t\t<a href=\"https:\/\/www.accouvin.be\/-\/news\/resultats-du-cross-de-neptune-2024\/\"><img width=\"640\" height=\"427\" src=\"https:\/\/www.accouvin.be\/wp-content\/uploads\/2024\/12\/DSC08620-1024x683.jpg\" class=\"attachment-large size-large wp-post-image\" alt=\"\" srcset=\"https:\/\/www.accouvin.be\/wp-content\/uploads\/2024\/12\/DSC08620-1024x683.jpg 1024w, https:\/\/www.accouvin.be\/wp-content\/uploads\/2024\/12\/DSC08620-300x200.jpg 300w, https:\/\/www.accouvin.be\/wp-content\/uploads\/2024\/12\/DSC08620-768x512.jpg 768w, https:\/\/www.accouvin.be\/wp-content\/uploads\/2024\/12\/DSC08620-1536x1024.jpg 1536w, https:\/\/www.accouvin.be\/wp-content\/uploads\/2024\/12\/DSC08620-2048x1365.jpg 2048w, https:\/\/www.accouvin.be\/wp-content\/uploads\/2024\/12\/DSC08620-600x400.jpg 600w\" sizes=\"(max-width: 640px) 100vw, 640px\" \/><\/a>\r\n\t\t\t\t\t\t\t<\/div>\r\n\t\t\t\t\t\t\t\t\t\t\t<\/div>\r\n\t\t\t\t\t\r\n\t\t\t\t\t<div class=\"news-content\">\r\n\t\t\t\t\t\t\t\t\t\t\t\t\t<div class=\"date-post\">\r\n\t\t\t\t\t\t\t\t<h2><span>8<\/span><\/h2>\r\n\t\t\t\t\t\t\t\t<p>D\u00e9c 24<\/p>\r\n\t\t\t\t\t\t\t<\/div>\r\n\t\t\t\t\t\t\r\n\t\t\t\t\t\t<div class=\"post-content-text\">\r\n\t\t\t\t\t\t\t<h3 class=\"news-title\"><a href=\"https:\/\/www.accouvin.be\/-\/news\/resultats-du-cross-de-neptune-2024\/\" rel=\"bookmark\">R\u00e9sultats du Cross de Neptune 2024<\/a><\/h3>\t\t\t\t\t\t\t\t<div class=\"news-cat\"><\/div>\r\n\t\t\t\t\t\t\t\t\t\t\t\t\t\t\t<div class=\"news-content-excerpt\">\r\n\t\t\t\t\t\t\t\t\t\t\t\t\t\t\t\t\t\t\t<div class=\"news-short-content\">\r\n\t\t\t\t\t\t\t\t\t\t\tLes r\u00e9sultats du cross sont disponibles:\u00a0\t\t\t\t\t\t\t\t\t\t<\/div>\r\n\t\t\t\t\t\t\t\t\t\t<a href=\"https:\/\/www.accouvin.be\/-\/news\/resultats-du-cross-de-neptune-2024\/\" class=\"news-more-link\">En savoir plus<\/a>\r\n\t\t\t\t\t\t\t\t\t\t\t\t\t\t\t\t\t<\/div><!-- .entry-content -->\r\n\t\t\t\t\t\t\t\t\t\t\t\t\t<\/div>\r\n\t\t\t\t\t<\/div>\r\n\t\t\t\t<\/div><!-- #post-## -->\r\n\t\t\t<\/div><!-- #post-## -->\r\n\t\t\r\n\t\t\t<div id=\"post-1841\" class=\"news type-news wpnaw-blog-class has-date news-col-1\">\r\n\t\t\t\t<div class=\"news-inner-wrap-view news-clearfix wpnaw-news-no-image\">\r\n\r\n\t\t\t\t\t\r\n\t\t\t\t\t<div class=\"news-content\">\r\n\t\t\t\t\t\t\t\t\t\t\t\t\t<div class=\"date-post\">\r\n\t\t\t\t\t\t\t\t<h2><span>5<\/span><\/h2>\r\n\t\t\t\t\t\t\t\t<p>Nov 24<\/p>\r\n\t\t\t\t\t\t\t<\/div>\r\n\t\t\t\t\t\t\r\n\t\t\t\t\t\t<div class=\"post-content-text\">\r\n\t\t\t\t\t\t\t<h3 class=\"news-title\"><a href=\"https:\/\/www.accouvin.be\/-\/news\/cross-des-grottes-de-neptune-2\/\" rel=\"bookmark\">Cross des Grottes de Neptune<\/a><\/h3>\t\t\t\t\t\t\t\t<div class=\"news-cat\"><\/div>\r\n\t\t\t\t\t\t\t\t\t\t\t\t\t\t\t<div class=\"news-content-excerpt\">\r\n\t\t\t\t\t\t\t\t\t\t\t\t\t\t\t\t\t\t\t<div class=\"news-short-content\">\r\n\t\t\t\t\t\t\t\t\t\t\tLe cross des grottes de Neptune aura lieu ce dimanche 8 d\u00e9cembre. Les infos seront disponibles sur cette page.\t\t\t\t\t\t\t\t\t\t<\/div>\r\n\t\t\t\t\t\t\t\t\t\t<a href=\"https:\/\/www.accouvin.be\/-\/news\/cross-des-grottes-de-neptune-2\/\" class=\"news-more-link\">En savoir plus<\/a>\r\n\t\t\t\t\t\t\t\t\t\t\t\t\t\t\t\t\t<\/div><!-- .entry-content -->\r\n\t\t\t\t\t\t\t\t\t\t\t\t\t<\/div>\r\n\t\t\t\t\t<\/div>\r\n\t\t\t\t<\/div><!-- #post-## -->\r\n\t\t\t<\/div><!-- #post-## -->\r\n\t\t\r\n\t\t\t<div id=\"post-1819\" class=\"news type-news wpnaw-blog-class has-date news-col-1\">\r\n\t\t\t\t<div class=\"news-inner-wrap-view news-clearfix \">\r\n\r\n\t\t\t\t\t\t\t\t\t\t<div class=\"news-thumb\">\r\n\t\t\t\t\t\t\t\t\t\t\t\t\t<div class=\"grid-news-thumb\">\r\n\t\t\t\t\t\t\t\t<a href=\"https:\/\/www.accouvin.be\/-\/news\/reprise-des-entrainements\/\"><img width=\"640\" height=\"480\" src=\"https:\/\/www.accouvin.be\/wp-content\/uploads\/2024\/08\/PB_ACCo-1024x768.jpg\" class=\"attachment-large size-large wp-post-image\" alt=\"\" srcset=\"https:\/\/www.accouvin.be\/wp-content\/uploads\/2024\/08\/PB_ACCo-1024x768.jpg 1024w, https:\/\/www.accouvin.be\/wp-content\/uploads\/2024\/08\/PB_ACCo-300x225.jpg 300w, https:\/\/www.accouvin.be\/wp-content\/uploads\/2024\/08\/PB_ACCo-768x576.jpg 768w, https:\/\/www.accouvin.be\/wp-content\/uploads\/2024\/08\/PB_ACCo-1536x1152.jpg 1536w, https:\/\/www.accouvin.be\/wp-content\/uploads\/2024\/08\/PB_ACCo-600x450.jpg 600w, https:\/\/www.accouvin.be\/wp-content\/uploads\/2024\/08\/PB_ACCo.jpg 2048w\" sizes=\"(max-width: 640px) 100vw, 640px\" \/><\/a>\r\n\t\t\t\t\t\t\t<\/div>\r\n\t\t\t\t\t\t\t\t\t\t\t<\/div>\r\n\t\t\t\t\t\r\n\t\t\t\t\t<div class=\"news-content\">\r\n\t\t\t\t\t\t\t\t\t\t\t\t\t<div class=\"date-post\">\r\n\t\t\t\t\t\t\t\t<h2><span>19<\/span><\/h2>\r\n\t\t\t\t\t\t\t\t<p>Ao\u00fbt 24<\/p>\r\n\t\t\t\t\t\t\t<\/div>\r\n\t\t\t\t\t\t\r\n\t\t\t\t\t\t<div class=\"post-content-text\">\r\n\t\t\t\t\t\t\t<h3 class=\"news-title\"><a href=\"https:\/\/www.accouvin.be\/-\/news\/reprise-des-entrainements\/\" rel=\"bookmark\">Reprise des entra\u00eenements<\/a><\/h3>\t\t\t\t\t\t\t\t<div class=\"news-cat\"><\/div>\r\n\t\t\t\t\t\t\t\t\t\t\t\t\t\t\t<div class=\"news-content-excerpt\">\r\n\t\t\t\t\t\t\t\t\t\t\t\t\t\t\t\t\t\t\t<div class=\"news-short-content\">\r\n\t\t\t\t\t\t\t\t\t\t\t\ud83d\uddd3 Reprise des entra\u00eenements enfants (\u00e0 partir de 6 ans), ados et adultes le mercredi 28 ao\u00fbt. Pour rappel, nous...\t\t\t\t\t\t\t\t\t\t<\/div>\r\n\t\t\t\t\t\t\t\t\t\t<a href=\"https:\/\/www.accouvin.be\/-\/news\/reprise-des-entrainements\/\" class=\"news-more-link\">En savoir plus<\/a>\r\n\t\t\t\t\t\t\t\t\t\t\t\t\t\t\t\t\t<\/div><!-- .entry-content -->\r\n\t\t\t\t\t\t\t\t\t\t\t\t\t<\/div>\r\n\t\t\t\t\t<\/div>\r\n\t\t\t\t<\/div><!-- #post-## -->\r\n\t\t\t<\/div><!-- #post-## -->\r\n\t\t\r\n\t\t\t<div id=\"post-1816\" class=\"news type-news wpnaw-blog-class has-date news-col-1\">\r\n\t\t\t\t<div class=\"news-inner-wrap-view news-clearfix wpnaw-news-no-image\">\r\n\r\n\t\t\t\t\t\r\n\t\t\t\t\t<div class=\"news-content\">\r\n\t\t\t\t\t\t\t\t\t\t\t\t\t<div class=\"date-post\">\r\n\t\t\t\t\t\t\t\t<h2><span>5<\/span><\/h2>\r\n\t\t\t\t\t\t\t\t<p>F\u00e9v 24<\/p>\r\n\t\t\t\t\t\t\t<\/div>\r\n\t\t\t\t\t\t\r\n\t\t\t\t\t\t<div class=\"post-content-text\">\r\n\t\t\t\t\t\t\t<h3 class=\"news-title\"><a href=\"https:\/\/www.accouvin.be\/-\/news\/classement-du-championnat-provincial-2024-a-couvin\/\" rel=\"bookmark\">Classement du championnat provincial 2024 \u00e0 Couvin<\/a><\/h3>\t\t\t\t\t\t\t\t<div class=\"news-cat\"><\/div>\r\n\t\t\t\t\t\t\t\t\t\t\t\t\t\t\t<div class=\"news-content-excerpt\">\r\n\t\t\t\t\t\t\t\t\t\t\t\t\t\t\t\t\t\t\t<div class=\"news-short-content\">\r\n\t\t\t\t\t\t\t\t\t\t\t\t\t\t\t\t\t\t\t\t\t<\/div>\r\n\t\t\t\t\t\t\t\t\t\t<a href=\"https:\/\/www.accouvin.be\/-\/news\/classement-du-championnat-provincial-2024-a-couvin\/\" class=\"news-more-link\">En savoir plus<\/a>\r\n\t\t\t\t\t\t\t\t\t\t\t\t\t\t\t\t\t<\/div><!-- .entry-content -->\r\n\t\t\t\t\t\t\t\t\t\t\t\t\t<\/div>\r\n\t\t\t\t\t<\/div>\r\n\t\t\t\t<\/div><!-- #post-## -->\r\n\t\t\t<\/div><!-- #post-## -->\r\n\t\t\r\n\t\t\t<div id=\"post-1803\" class=\"news type-news wpnaw-blog-class has-date news-col-1\">\r\n\t\t\t\t<div class=\"news-inner-wrap-view news-clearfix \">\r\n\r\n\t\t\t\t\t\t\t\t\t\t<div class=\"news-thumb\">\r\n\t\t\t\t\t\t\t\t\t\t\t\t\t<div class=\"grid-news-thumb\">\r\n\t\t\t\t\t\t\t\t<a href=\"https:\/\/www.accouvin.be\/-\/news\/cross-country-championnat-provincial-namur\/\"><img width=\"640\" height=\"482\" src=\"https:\/\/www.accouvin.be\/wp-content\/uploads\/2023\/12\/Cross_couvin2-1024x771.jpg\" class=\"attachment-large size-large wp-post-image\" alt=\"\" srcset=\"https:\/\/www.accouvin.be\/wp-content\/uploads\/2023\/12\/Cross_couvin2-1024x771.jpg 1024w, https:\/\/www.accouvin.be\/wp-content\/uploads\/2023\/12\/Cross_couvin2-300x226.jpg 300w, https:\/\/www.accouvin.be\/wp-content\/uploads\/2023\/12\/Cross_couvin2-768x578.jpg 768w, https:\/\/www.accouvin.be\/wp-content\/uploads\/2023\/12\/Cross_couvin2-1536x1157.jpg 1536w, https:\/\/www.accouvin.be\/wp-content\/uploads\/2023\/12\/Cross_couvin2-600x452.jpg 600w, https:\/\/www.accouvin.be\/wp-content\/uploads\/2023\/12\/Cross_couvin2.jpg 2048w\" sizes=\"(max-width: 640px) 100vw, 640px\" \/><\/a>\r\n\t\t\t\t\t\t\t<\/div>\r\n\t\t\t\t\t\t\t\t\t\t\t<\/div>\r\n\t\t\t\t\t\r\n\t\t\t\t\t<div class=\"news-content\">\r\n\t\t\t\t\t\t\t\t\t\t\t\t\t<div class=\"date-post\">\r\n\t\t\t\t\t\t\t\t<h2><span>23<\/span><\/h2>\r\n\t\t\t\t\t\t\t\t<p>Jan 24<\/p>\r\n\t\t\t\t\t\t\t<\/div>\r\n\t\t\t\t\t\t\r\n\t\t\t\t\t\t<div class=\"post-content-text\">\r\n\t\t\t\t\t\t\t<h3 class=\"news-title\"><a href=\"https:\/\/www.accouvin.be\/-\/news\/cross-country-championnat-provincial-namur\/\" rel=\"bookmark\">Cross Country &#8211; Championnat Provincial Namur<\/a><\/h3>\t\t\t\t\t\t\t\t<div class=\"news-cat\"><\/div>\r\n\t\t\t\t\t\t\t\t\t\t\t\t\t\t\t<div class=\"news-content-excerpt\">\r\n\t\t\t\t\t\t\t\t\t\t\t\t\t\t\t\t\t\t\t<div class=\"news-short-content\">\r\n\t\t\t\t\t\t\t\t\t\t\tLes championnats provinciaux de cross country s'organiseront, dans le magnifique cadre du Parc Saint Roch \u00e0 Couvin, ce dimanche 4...\t\t\t\t\t\t\t\t\t\t<\/div>\r\n\t\t\t\t\t\t\t\t\t\t<a href=\"https:\/\/www.accouvin.be\/-\/news\/cross-country-championnat-provincial-namur\/\" class=\"news-more-link\">En savoir plus<\/a>\r\n\t\t\t\t\t\t\t\t\t\t\t\t\t\t\t\t\t<\/div><!-- .entry-content -->\r\n\t\t\t\t\t\t\t\t\t\t\t\t\t<\/div>\r\n\t\t\t\t\t<\/div>\r\n\t\t\t\t<\/div><!-- #post-## -->\r\n\t\t\t<\/div><!-- #post-## -->\r\n\t\t\r\n\t\t\t<div id=\"post-1786\" class=\"news type-news wpnaw-blog-class has-date news-col-1\">\r\n\t\t\t\t<div class=\"news-inner-wrap-view news-clearfix \">\r\n\r\n\t\t\t\t\t\t\t\t\t\t<div class=\"news-thumb\">\r\n\t\t\t\t\t\t\t\t\t\t\t\t\t<div class=\"grid-news-thumb\">\r\n\t\t\t\t\t\t\t\t<a href=\"https:\/\/www.accouvin.be\/-\/news\/resultats-cross-des-grottes-de-neptune-2023\/\"><img width=\"640\" height=\"480\" src=\"https:\/\/www.accouvin.be\/wp-content\/uploads\/2023\/12\/Cross_couvin-1024x768.jpg\" class=\"attachment-large size-large wp-post-image\" alt=\"\" srcset=\"https:\/\/www.accouvin.be\/wp-content\/uploads\/2023\/12\/Cross_couvin-1024x768.jpg 1024w, https:\/\/www.accouvin.be\/wp-content\/uploads\/2023\/12\/Cross_couvin-300x225.jpg 300w, https:\/\/www.accouvin.be\/wp-content\/uploads\/2023\/12\/Cross_couvin-768x576.jpg 768w, https:\/\/www.accouvin.be\/wp-content\/uploads\/2023\/12\/Cross_couvin-1536x1152.jpg 1536w, https:\/\/www.accouvin.be\/wp-content\/uploads\/2023\/12\/Cross_couvin-600x450.jpg 600w, https:\/\/www.accouvin.be\/wp-content\/uploads\/2023\/12\/Cross_couvin.jpg 2000w\" sizes=\"(max-width: 640px) 100vw, 640px\" \/><\/a>\r\n\t\t\t\t\t\t\t<\/div>\r\n\t\t\t\t\t\t\t\t\t\t\t<\/div>\r\n\t\t\t\t\t\r\n\t\t\t\t\t<div class=\"news-content\">\r\n\t\t\t\t\t\t\t\t\t\t\t\t\t<div class=\"date-post\">\r\n\t\t\t\t\t\t\t\t<h2><span>11<\/span><\/h2>\r\n\t\t\t\t\t\t\t\t<p>D\u00e9c 23<\/p>\r\n\t\t\t\t\t\t\t<\/div>\r\n\t\t\t\t\t\t\r\n\t\t\t\t\t\t<div class=\"post-content-text\">\r\n\t\t\t\t\t\t\t<h3 class=\"news-title\"><a href=\"https:\/\/www.accouvin.be\/-\/news\/resultats-cross-des-grottes-de-neptune-2023\/\" rel=\"bookmark\">R\u00e9sultats &#8211; Cross des Grottes de Neptune 2023<\/a><\/h3>\t\t\t\t\t\t\t\t<div class=\"news-cat\"><\/div>\r\n\t\t\t\t\t\t\t\t\t\t\t\t\t\t\t<div class=\"news-content-excerpt\">\r\n\t\t\t\t\t\t\t\t\t\t\t\t\t\t\t\t\t\t\t<div class=\"news-short-content\">\r\n\t\t\t\t\t\t\t\t\t\t\tLes r\u00e9sultats du Cross des Grottes de Neptune 2023 sont disponibles en ligne. &nbsp;\t\t\t\t\t\t\t\t\t\t<\/div>\r\n\t\t\t\t\t\t\t\t\t\t<a href=\"https:\/\/www.accouvin.be\/-\/news\/resultats-cross-des-grottes-de-neptune-2023\/\" class=\"news-more-link\">En savoir plus<\/a>\r\n\t\t\t\t\t\t\t\t\t\t\t\t\t\t\t\t\t<\/div><!-- .entry-content -->\r\n\t\t\t\t\t\t\t\t\t\t\t\t\t<\/div>\r\n\t\t\t\t\t<\/div>\r\n\t\t\t\t<\/div><!-- #post-## -->\r\n\t\t\t<\/div><!-- #post-## -->\r\n\t\t\r\n\t\t\t<div id=\"post-1762\" class=\"news type-news wpnaw-blog-class has-date news-col-1 wpnaw-last\">\r\n\t\t\t\t<div class=\"news-inner-wrap-view news-clearfix \">\r\n\r\n\t\t\t\t\t\t\t\t\t\t<div class=\"news-thumb\">\r\n\t\t\t\t\t\t\t\t\t\t\t\t\t<div class=\"grid-news-thumb\">\r\n\t\t\t\t\t\t\t\t<a href=\"https:\/\/www.accouvin.be\/-\/news\/cross-des-grottes-de-neptune-2023\/\"><img width=\"640\" height=\"853\" src=\"https:\/\/www.accouvin.be\/wp-content\/uploads\/2023\/10\/cross_couvin.jpg\" class=\"attachment-large size-large wp-post-image\" alt=\"\" srcset=\"https:\/\/www.accouvin.be\/wp-content\/uploads\/2023\/10\/cross_couvin.jpg 768w, https:\/\/www.accouvin.be\/wp-content\/uploads\/2023\/10\/cross_couvin-225x300.jpg 225w, https:\/\/www.accouvin.be\/wp-content\/uploads\/2023\/10\/cross_couvin-450x600.jpg 450w\" sizes=\"(max-width: 640px) 100vw, 640px\" \/><\/a>\r\n\t\t\t\t\t\t\t<\/div>\r\n\t\t\t\t\t\t\t\t\t\t\t<\/div>\r\n\t\t\t\t\t\r\n\t\t\t\t\t<div class=\"news-content\">\r\n\t\t\t\t\t\t\t\t\t\t\t\t\t<div class=\"date-post\">\r\n\t\t\t\t\t\t\t\t<h2><span>15<\/span><\/h2>\r\n\t\t\t\t\t\t\t\t<p>Nov 23<\/p>\r\n\t\t\t\t\t\t\t<\/div>\r\n\t\t\t\t\t\t\r\n\t\t\t\t\t\t<div class=\"post-content-text\">\r\n\t\t\t\t\t\t\t<h3 class=\"news-title\"><a href=\"https:\/\/www.accouvin.be\/-\/news\/cross-des-grottes-de-neptune-2023\/\" rel=\"bookmark\">Cross des Grottes de Neptune 2023<\/a><\/h3>\t\t\t\t\t\t\t\t<div class=\"news-cat\"><\/div>\r\n\t\t\t\t\t\t\t\t\t\t\t\t\t\t\t<div class=\"news-content-excerpt\">\r\n\t\t\t\t\t\t\t\t\t\t\t\t\t\t\t\t\t\t\t<div class=\"news-short-content\">\r\n\t\t\t\t\t\t\t\t\t\t\tLe cross des grottes de Neptune aura lieu ce dimanche 10 d\u00e9cembre. Vous pouvez consulter l'horaire et le plan sur...\t\t\t\t\t\t\t\t\t\t<\/div>\r\n\t\t\t\t\t\t\t\t\t\t<a href=\"https:\/\/www.accouvin.be\/-\/news\/cross-des-grottes-de-neptune-2023\/\" class=\"news-more-link\">En savoir plus<\/a>\r\n\t\t\t\t\t\t\t\t\t\t\t\t\t\t\t\t\t<\/div><!-- .entry-content -->\r\n\t\t\t\t\t\t\t\t\t\t\t\t\t<\/div>\r\n\t\t\t\t\t<\/div>\r\n\t\t\t\t<\/div><!-- #post-## -->\r\n\t\t\t<\/div><!-- #post-## -->\r\n\t\t\t\t\t<div class=\"news_pagination wpnw-numeric\">\r\n\t\t\t\t<span aria-current=\"page\" class=\"page-numbers current\">1<\/span>\n<a class=\"page-numbers\" href=\"https:\/\/www.accouvin.be\/-\/wp-json\/wp\/v2\/pages\/1304\/page\/2\/#wpnw-news-1\">2<\/a>\n<a class=\"page-numbers\" href=\"https:\/\/www.accouvin.be\/-\/wp-json\/wp\/v2\/pages\/1304\/page\/3\/#wpnw-news-1\">3<\/a>\n<span class=\"page-numbers dots\">\u2026<\/span>\n<a class=\"page-numbers\" href=\"https:\/\/www.accouvin.be\/-\/wp-json\/wp\/v2\/pages\/1304\/page\/39\/#wpnw-news-1\">39<\/a>\n<a class=\"next page-numbers\" href=\"https:\/\/www.accouvin.be\/-\/wp-json\/wp\/v2\/pages\/1304\/page\/2\/#wpnw-news-1\">Suivante &raquo;<\/a>\t\t\t<\/div>\r\n\t\t\t<\/div>\r\n\r\n\t\n","protected":false},"excerpt":{"rendered":"","protected":false},"author":2,"featured_media":0,"parent":0,"menu_order":0,"comment_status":"closed","ping_status":"closed","template":"","meta":{"_crdt_document":"","footnotes":""},"class_list":["post-1304","page","type-page","status-publish","hentry"],"_links":{"self":[{"href":"https:\/\/www.accouvin.be\/-\/wp-json\/wp\/v2\/pages\/1304","targetHints":{"allow":["GET"]}}],"collection":[{"href":"https:\/\/www.accouvin.be\/-\/wp-json\/wp\/v2\/pages"}],"about":[{"href":"https:\/\/www.accouvin.be\/-\/wp-json\/wp\/v2\/types\/page"}],"author":[{"embeddable":true,"href":"https:\/\/www.accouvin.be\/-\/wp-json\/wp\/v2\/users\/2"}],"replies":[{"embeddable":true,"href":"https:\/\/www.accouvin.be\/-\/wp-json\/wp\/v2\/comments?post=1304"}],"version-history":[{"count":11,"href":"https:\/\/www.accouvin.be\/-\/wp-json\/wp\/v2\/pages\/1304\/revisions"}],"predecessor-version":[{"id":1910,"href":"https:\/\/www.accouvin.be\/-\/wp-json\/wp\/v2\/pages\/1304\/revisions\/1910"}],"wp:attachment":[{"href":"https:\/\/www.accouvin.be\/-\/wp-json\/wp\/v2\/media?parent=1304"}],"curies":[{"name":"wp","href":"https:\/\/api.w.org\/{rel}","templated":true}]}}