{"id":1233,"date":"2018-03-22T15:11:37","date_gmt":"2018-03-22T14:11:37","guid":{"rendered":"https:\/\/forum.accouvin.be\/?page_id=1233"},"modified":"2018-03-24T14:24:19","modified_gmt":"2018-03-24T13:24:19","slug":"sponsors","status":"publish","type":"page","link":"https:\/\/www.accouvin.be\/-\/sponsors\/","title":{"rendered":"Sponsors"},"content":{"rendered":"<p><img loading=\"lazy\" decoding=\"async\" class=\"size-full wp-image-1234 alignleft\" src=\"https:\/\/forum.accouvin.be\/wp-content\/uploads\/2018\/03\/mathieu.png\" alt=\"Louis Mathieux - Assurances\" width=\"150\" height=\"150\" \/><strong>Mathieux Louis &amp; Fils<\/strong><\/p>\n<p>Courtage en assurances, pr\u00eats hypoth\u00e9caires, placements<\/p>\n<p>43 Fbg St-Germain<br \/>\n5660 Couvin<\/p>\n<p>T\u00e9l : 060 34 03 90 \/ Fax : 060 34 03 99 \/ <a href=\"mailto:info@mathieux.be\">info@mathieux.be<\/a><\/p>\n<hr \/>\n<p><a href=\"http:\/\/www.eddylenoir.be\"><img loading=\"lazy\" decoding=\"async\" class=\"alignleft wp-image-1244 size-thumbnail\" src=\"https:\/\/forum.accouvin.be\/wp-content\/uploads\/2018\/03\/EddyLenoir-150x150.jpg\" alt=\"\" width=\"150\" height=\"150\" srcset=\"https:\/\/www.accouvin.be\/wp-content\/uploads\/2018\/03\/EddyLenoir-150x150.jpg 150w, https:\/\/www.accouvin.be\/wp-content\/uploads\/2018\/03\/EddyLenoir-300x300.jpg 300w\" sizes=\"auto, (max-width: 150px) 100vw, 150px\" \/><\/a><b>Lenoir Eddy sprl<\/b><\/p>\n<p>Rue G\u00e9n\u00e9ral de Monge 143a<br \/>\n5660 Petigny (Couvin)<\/p>\n<p>T\u00e9l : 060\/34.92.28 \/ Fax : 060\/34.74.43 \/ <a href=\"mailto:info@eddylenoir.be\">info@eddylenoir.be<\/a><\/p>\n","protected":false},"excerpt":{"rendered":"<p>Mathieux Louis &amp; Fils Courtage en assurances, pr\u00eats hypoth\u00e9caires, placements 43 Fbg St-Germain 5660 Couvin T\u00e9l : 060 34 03 90 \/ Fax : 060 34 03 99 \/ info@mathieux.be Lenoir Eddy sprl Rue G\u00e9n\u00e9ral de Monge 143a 5660 Petigny (Couvin) T\u00e9l : 060\/34.92.28 \/ Fax : 060\/34.74.43 \/ info@eddylenoir.be<\/p>\n","protected":false},"author":2,"featured_media":0,"parent":0,"menu_order":0,"comment_status":"closed","ping_status":"closed","template":"","meta":{"_crdt_document":"","footnotes":""},"class_list":["post-1233","page","type-page","status-publish","hentry"],"_links":{"self":[{"href":"https:\/\/www.accouvin.be\/-\/wp-json\/wp\/v2\/pages\/1233","targetHints":{"allow":["GET"]}}],"collection":[{"href":"https:\/\/www.accouvin.be\/-\/wp-json\/wp\/v2\/pages"}],"about":[{"href":"https:\/\/www.accouvin.be\/-\/wp-json\/wp\/v2\/types\/page"}],"author":[{"embeddable":true,"href":"https:\/\/www.accouvin.be\/-\/wp-json\/wp\/v2\/users\/2"}],"replies":[{"embeddable":true,"href":"https:\/\/www.accouvin.be\/-\/wp-json\/wp\/v2\/comments?post=1233"}],"version-history":[{"count":6,"href":"https:\/\/www.accouvin.be\/-\/wp-json\/wp\/v2\/pages\/1233\/revisions"}],"predecessor-version":[{"id":1247,"href":"https:\/\/www.accouvin.be\/-\/wp-json\/wp\/v2\/pages\/1233\/revisions\/1247"}],"wp:attachment":[{"href":"https:\/\/www.accouvin.be\/-\/wp-json\/wp\/v2\/media?parent=1233"}],"curies":[{"name":"wp","href":"https:\/\/api.w.org\/{rel}","templated":true}]}}